{"id":867,"date":"2021-05-15T12:27:03","date_gmt":"2021-05-15T12:27:03","guid":{"rendered":"https:\/\/santiagodonorte.eco.br\/?page_id=867"},"modified":"2022-05-05T12:25:30","modified_gmt":"2022-05-05T12:25:30","slug":"perguntas-frequentes","status":"publish","type":"page","link":"https:\/\/santiagodonorte.eco.br\/home\/perguntas-frequentes\/","title":{"rendered":"Perguntas Frequentes"},"content":{"rendered":"\n<p>Informa\u00e7\u00f5es para Aquisi\u00e7\u00e3o de Lotes em Santiago do Norte.<\/p>\n\n\n\n<figure class=\"wp-block-image\"><img decoding=\"async\" src=\"https:\/\/blog.guiasantiagodonorte.com.br\/wp-content\/uploads\/2019\/07\/Perguntas-Frequentes-1-710x516.png\" alt=\"D\u00favidas e Perguntas frequentes:\"\/><\/figure>\n\n\n\n<p><strong>Qual valor dos lotes?<\/strong><\/p>\n\n\n\n<p>R: Os lotes com 450m2 medindo 15\u00d730, a partir de  R$23.000,00.<\/p>\n\n\n\n<p><strong>As parcelas s\u00e3o fixas?<\/strong><\/p>\n\n\n\n<p>R: Sim, parcelas fixas no boleto.<\/p>\n\n\n\n<p><strong>Estou com restri\u00e7\u00e3o em meu CPF, posso comprar o lote financiado?<\/strong><\/p>\n\n\n\n<p>R: Sim, o lote \u00e9 a garantia de ambas partes.<\/p>\n\n\n\n<p><strong>Ap\u00f3s finalizar o pagamento de meu lote, qual procedimento?<\/strong><\/p>\n\n\n\n<p>R: Emitimos autoriza\u00e7\u00e3o para escriturar seu im\u00f3vel.<\/p>\n\n\n\n<p><strong>Preciso ir at\u00e9 Santiago do Norte para adquirir lote?<\/strong><\/p>\n\n\n\n<p>R: N\u00e3o, todo procedimento pode ser realizado via e-mail, Whats, atualmente 80% das vendas s\u00e3o realizadas online, via e-mail e Whats.<\/p>\n\n\n\n<p><strong>Os lotes j\u00e1 est\u00e3o com \u00e1gua e energia?<\/strong><\/p>\n\n\n\n<p>R: Sim, todo nosso loteamento j\u00e1 est\u00e1 com \u00e1gua e energia el\u00e9trica.<\/p>\n\n\n\n<p><strong>O lote j\u00e1 possui matr\u00edculas individualizadas?<\/strong><\/p>\n\n\n\n<p>R: Sim, todo nosso loteamento est\u00e1 de acordo e aprovado mediante os \u00f3rg\u00e3os respons\u00e1veis.<\/p>\n\n\n\n<p><strong>Quais documentos necess\u00e1rios para aquisi\u00e7\u00e3o de lote?<\/strong><\/p>\n\n\n\n<p>R: Comprovante de Endere\u00e7o, e documentos pessoais.<\/p>\n\n\n\n<p><a href=\"https:\/\/www.youtube.com\/watch?v=1dMFr3hitqI&amp;t=3s\">V\u00eddeo informativo procedimento para aquisi\u00e7\u00e3o de lotes.<\/a><\/p>\n","protected":false},"excerpt":{"rendered":"<p>Informa\u00e7\u00f5es para Aquisi\u00e7\u00e3o de Lotes em Santiago do Norte. Qual valor dos lotes? R: Os lotes com 450m2 medindo 15\u00d730, a partir de R$23.000,00. As parcelas s\u00e3o fixas? R: Sim, parcelas fixas no boleto. Estou com restri\u00e7\u00e3o em meu CPF, posso comprar o lote financiado? R: Sim, o lote \u00e9 a garantia de ambas partes. [&hellip;]<\/p>\n","protected":false},"author":1,"featured_media":0,"parent":0,"menu_order":0,"comment_status":"closed","ping_status":"closed","template":"","meta":{"_bbp_topic_count":0,"_bbp_reply_count":0,"_bbp_total_topic_count":0,"_bbp_total_reply_count":0,"_bbp_voice_count":0,"_bbp_anonymous_reply_count":0,"_bbp_topic_count_hidden":0,"_bbp_reply_count_hidden":0,"_bbp_forum_subforum_count":0,"_monsterinsights_skip_tracking":false,"_monsterinsights_sitenote_active":false,"_monsterinsights_sitenote_note":"","_monsterinsights_sitenote_category":0,"footnotes":""},"class_list":["post-867","page","type-page","status-publish","hentry"],"aioseo_notices":[],"jetpack_sharing_enabled":true,"_links":{"self":[{"href":"https:\/\/santiagodonorte.eco.br\/home\/wp-json\/wp\/v2\/pages\/867","targetHints":{"allow":["GET"]}}],"collection":[{"href":"https:\/\/santiagodonorte.eco.br\/home\/wp-json\/wp\/v2\/pages"}],"about":[{"href":"https:\/\/santiagodonorte.eco.br\/home\/wp-json\/wp\/v2\/types\/page"}],"author":[{"embeddable":true,"href":"https:\/\/santiagodonorte.eco.br\/home\/wp-json\/wp\/v2\/users\/1"}],"replies":[{"embeddable":true,"href":"https:\/\/santiagodonorte.eco.br\/home\/wp-json\/wp\/v2\/comments?post=867"}],"version-history":[{"count":3,"href":"https:\/\/santiagodonorte.eco.br\/home\/wp-json\/wp\/v2\/pages\/867\/revisions"}],"predecessor-version":[{"id":1003,"href":"https:\/\/santiagodonorte.eco.br\/home\/wp-json\/wp\/v2\/pages\/867\/revisions\/1003"}],"wp:attachment":[{"href":"https:\/\/santiagodonorte.eco.br\/home\/wp-json\/wp\/v2\/media?parent=867"}],"curies":[{"name":"wp","href":"https:\/\/api.w.org\/{rel}","templated":true}]}}